{"id":43157,"date":"2021-12-29T15:22:39","date_gmt":"2021-12-29T14:22:39","guid":{"rendered":"https:\/\/speyer24news.com\/?page_id=43157"},"modified":"2024-02-27T19:17:14","modified_gmt":"2024-02-27T18:17:14","slug":"gewinnspiel-verlosung","status":"publish","type":"page","link":"https:\/\/speyer24news.com\/?page_id=43157","title":{"rendered":"Gewinnspiel \/ Verlosung"},"content":{"rendered":"<style type=\"text\/css\">\r\n\t.ads_top_disp{}\r\n\t.ads_top_corner_disp{ float:left; margin:0px 10px 10px 0px; }\r\n\t.ads_first_p_disp{}\r\n\t.ads_bottom_disp{}\r\n\t<\/style><div class=\"wp-block-image\">\n<figure class=\"aligncenter size-full\"><img decoding=\"async\" loading=\"lazy\" width=\"678\" height=\"381\" src=\"https:\/\/speyer24news.com\/wp-content\/uploads\/2021\/12\/Gewinnspiellogo-678x381-1.jpg\" alt=\"\" class=\"wp-image-43158\" srcset=\"https:\/\/speyer24news.com\/wp-content\/uploads\/2021\/12\/Gewinnspiellogo-678x381-1.jpg 678w, https:\/\/speyer24news.com\/wp-content\/uploads\/2021\/12\/Gewinnspiellogo-678x381-1-300x169.jpg 300w\" sizes=\"(max-width: 678px) 100vw, 678px\" \/><\/figure><\/div>\n\n\n<h2 class=\"wp-block-heading\"><strong>OsterVariet\u00e9 Wiesloch \/ Gewinnspiel:<\/strong> <a href=\"https:\/\/speyer24news.com\/?p=58110\" title=\"\">OsterVariet\u00e9 in Wiesloch \u2013 Ein zauberhaftes Osterfest mit Maxim Maurice \/ Nutzen Sie die Chance, 3 x 2 Tickets f\u00fcr die Vorstellung am Sonntag, den 31.03. um 14 Uhr (Pl\u00e4tze Kategorie 2 und 3), gewinnen zu k\u00f6nnen<\/a><\/h2>\n","protected":false},"excerpt":{"rendered":"<div class=\"mh-excerpt\"><p>OsterVariet\u00e9 Wiesloch \/ Gewinnspiel: OsterVariet\u00e9 in Wiesloch \u2013 Ein zauberhaftes Osterfest mit Maxim Maurice \/ Nutzen Sie die Chance, 3 x 2 Tickets f\u00fcr die Vorstellung am Sonntag, den 31.03. um 14 Uhr (Pl\u00e4tze Kategorie <a class=\"mh-excerpt-more\" href=\"https:\/\/speyer24news.com\/?page_id=43157\" title=\"Gewinnspiel \/ Verlosung\">[&#8230;]<\/a><\/p>\n<\/div>","protected":false},"author":3,"featured_media":43158,"parent":0,"menu_order":0,"comment_status":"closed","ping_status":"closed","template":"","meta":{"_monsterinsights_skip_tracking":false,"_monsterinsights_sitenote_active":false,"_monsterinsights_sitenote_note":"","_monsterinsights_sitenote_category":0,"footnotes":""},"aioseo_notices":[],"amp_enabled":true,"_links":{"self":[{"href":"https:\/\/speyer24news.com\/index.php?rest_route=\/wp\/v2\/pages\/43157"}],"collection":[{"href":"https:\/\/speyer24news.com\/index.php?rest_route=\/wp\/v2\/pages"}],"about":[{"href":"https:\/\/speyer24news.com\/index.php?rest_route=\/wp\/v2\/types\/page"}],"author":[{"embeddable":true,"href":"https:\/\/speyer24news.com\/index.php?rest_route=\/wp\/v2\/users\/3"}],"replies":[{"embeddable":true,"href":"https:\/\/speyer24news.com\/index.php?rest_route=%2Fwp%2Fv2%2Fcomments&post=43157"}],"version-history":[{"count":8,"href":"https:\/\/speyer24news.com\/index.php?rest_route=\/wp\/v2\/pages\/43157\/revisions"}],"predecessor-version":[{"id":58116,"href":"https:\/\/speyer24news.com\/index.php?rest_route=\/wp\/v2\/pages\/43157\/revisions\/58116"}],"wp:featuredmedia":[{"embeddable":true,"href":"https:\/\/speyer24news.com\/index.php?rest_route=\/wp\/v2\/media\/43158"}],"wp:attachment":[{"href":"https:\/\/speyer24news.com\/index.php?rest_route=%2Fwp%2Fv2%2Fmedia&parent=43157"}],"curies":[{"name":"wp","href":"https:\/\/api.w.org\/{rel}","templated":true}]}}